{"id":43,"date":"2016-12-20T17:11:56","date_gmt":"2016-12-20T15:11:56","guid":{"rendered":"https:\/\/merklinde.wordpress.com\/?page_id=39"},"modified":"2017-03-09T12:10:39","modified_gmt":"2017-03-09T11:10:39","slug":"mitglied-werden","status":"publish","type":"page","link":"https:\/\/wir-sind-merklinde.de\/?page_id=43","title":{"rendered":"Mitglied werden"},"content":{"rendered":"<h3>Werde Mitglied beim B\u00fcrgerverein Merklinde. Unterst\u00fctze uns aktiv, damit wir unseren Stadtteil Merklinde attraktiver gestalten k\u00f6nnen.<\/h3>\n<p>Jeder soll sich eine Mitgliedschaft leisten k\u00f6nnen, daher wurden bei der Gr\u00fcndungsversammlung folgende j\u00e4hrliche Mitgliedsbeitr\u00e4ge beschlossen:<\/p>\n<p>Einzelpersonen: 20 \u20ac<br \/>\nEheleute &#038; Lebenspartnerschaften: 30 \u20ac<br \/>\nSch\u00fcler, Studenten, Arbeitssuchende: 12 \u20ac<br \/>\nJuristische Personen: mindestens 60 \u20ac<\/p>\n<p>F\u00fclle das Online-Formular aus oder lade dir den <a href=\"https:\/\/wir-sind-merklinde.de\/wp-content\/uploads\/2016\/12\/Mitgliedsantrag_Merklinde.pdf\" target=\"_blank\">Mitgliedsantrag<\/a> als <a href=\"https:\/\/wir-sind-merklinde.de\/wp-content\/uploads\/2016\/12\/Mitgliedsantrag_Merklinde.pdf\" target=\"_blank\">PDF<\/a> herunter.<\/p>\n<h3>Wir freuen uns auf Dich und Deine Ideen.<\/h3>\n\n<div class=\"wpcf7 no-js\" id=\"wpcf7-f139-o1\" lang=\"de-DE\" dir=\"ltr\" data-wpcf7-id=\"139\">\n<div class=\"screen-reader-response\"><p role=\"status\" aria-live=\"polite\" aria-atomic=\"true\"><\/p> <ul><\/ul><\/div>\n<form action=\"\/index.php?rest_route=%2Fwp%2Fv2%2Fpages%2F43#wpcf7-f139-o1\" method=\"post\" class=\"wpcf7-form init\" aria-label=\"Kontaktformular\" novalidate=\"novalidate\" data-status=\"init\">\n<fieldset class=\"hidden-fields-container\"><input type=\"hidden\" name=\"_wpcf7\" value=\"139\" \/><input type=\"hidden\" name=\"_wpcf7_version\" value=\"6.1.4\" \/><input type=\"hidden\" name=\"_wpcf7_locale\" value=\"de_DE\" \/><input type=\"hidden\" name=\"_wpcf7_unit_tag\" value=\"wpcf7-f139-o1\" \/><input type=\"hidden\" name=\"_wpcf7_container_post\" value=\"0\" \/><input type=\"hidden\" name=\"_wpcf7_posted_data_hash\" value=\"\" \/><input type=\"hidden\" name=\"_wpcf7_recaptcha_response\" value=\"\" \/>\n<\/fieldset>\n<p><label> Anrede<\/label><br \/>\n<span class=\"wpcf7-form-control-wrap\" data-name=\"Anrede\"><span class=\"wpcf7-form-control wpcf7-radio\"><span class=\"wpcf7-list-item first\"><span class=\"wpcf7-list-item-label\">Herr<\/span><input type=\"radio\" name=\"Anrede\" value=\"Herr\" checked=\"checked\" \/><\/span><span class=\"wpcf7-list-item\"><span class=\"wpcf7-list-item-label\">Frau<\/span><input type=\"radio\" name=\"Anrede\" value=\"Frau\" \/><\/span><span class=\"wpcf7-list-item last\"><span class=\"wpcf7-list-item-label\">diverse<\/span><input type=\"radio\" name=\"Anrede\" value=\"diverse\" \/><\/span><\/span><\/span>\n<\/p>\n<p><label> Ihr Name (Pflichtfeld)<br \/>\n<span class=\"wpcf7-form-control-wrap\" data-name=\"Name\"><input size=\"40\" maxlength=\"400\" class=\"wpcf7-form-control wpcf7-text wpcf7-validates-as-required\" aria-required=\"true\" aria-invalid=\"false\" placeholder=\"Ihr Name*\" value=\"\" type=\"text\" name=\"Name\" \/><\/span> <\/label><br \/>\n<label> Ihr Vorname (Pflichfeld)<br \/>\n<span class=\"wpcf7-form-control-wrap\" data-name=\"IhrVorname\"><input size=\"40\" maxlength=\"400\" class=\"wpcf7-form-control wpcf7-text wpcf7-validates-as-required\" aria-required=\"true\" aria-invalid=\"false\" placeholder=\"Ihr Vorname*\" value=\"\" type=\"text\" name=\"IhrVorname\" \/><\/span> <\/label><br \/>\n<label> Ihre EMAil-Adresse (Pflichfeld)<br \/>\n<span class=\"wpcf7-form-control-wrap\" data-name=\"emailadresse\"><input size=\"40\" maxlength=\"400\" class=\"wpcf7-form-control wpcf7-email wpcf7-validates-as-required wpcf7-text wpcf7-validates-as-email\" aria-required=\"true\" aria-invalid=\"false\" placeholder=\"Ihre E-Mail-Adresse*\" value=\"\" type=\"email\" name=\"emailadresse\" \/><\/span> <\/label><br \/>\n<label> Ihre Strasse + Hausnr. (Pflichtfeld)<br \/>\n<span class=\"wpcf7-form-control-wrap\" data-name=\"strasse\"><input size=\"40\" maxlength=\"400\" class=\"wpcf7-form-control wpcf7-text wpcf7-validates-as-required\" aria-required=\"true\" aria-invalid=\"false\" placeholder=\"Ihre Strasse*\" value=\"\" type=\"text\" name=\"strasse\" \/><\/span><\/label><br \/>\n<label> Ihre PlZ + Ort (Pflichtfeld)<br \/>\n<span class=\"wpcf7-form-control-wrap\" data-name=\"plzort\"><input size=\"40\" maxlength=\"400\" class=\"wpcf7-form-control wpcf7-text wpcf7-validates-as-required\" aria-required=\"true\" aria-invalid=\"false\" placeholder=\"Ihre PLZ*\" value=\"\" type=\"text\" name=\"plzort\" \/><\/span><\/label><br \/>\n<label> Ihre Telefonnummer<br \/>\n<span class=\"wpcf7-form-control-wrap\" data-name=\"telefon\"><input size=\"40\" maxlength=\"400\" class=\"wpcf7-form-control wpcf7-tel wpcf7-validates-as-required wpcf7-text wpcf7-validates-as-tel\" aria-required=\"true\" aria-invalid=\"false\" placeholder=\"Ihre Telfonnummer\" value=\"\" type=\"tel\" name=\"telefon\" \/><\/span><\/label><br \/>\n<label> Ihre Handynummer<br \/>\n<span class=\"wpcf7-form-control-wrap\" data-name=\"Handy\"><input size=\"40\" maxlength=\"400\" class=\"wpcf7-form-control wpcf7-tel wpcf7-validates-as-required wpcf7-text wpcf7-validates-as-tel\" aria-required=\"true\" aria-invalid=\"false\" placeholder=\"Ihre Handynummer\" value=\"\" type=\"tel\" name=\"Handy\" \/><\/span><\/label><br \/>\n<span class=\"wpcf7-form-control-wrap\" data-name=\"Mitglied\"><span class=\"wpcf7-form-control wpcf7-checkbox wpcf7-validates-as-required\"><span class=\"wpcf7-list-item first last\"><input type=\"checkbox\" name=\"Mitglied[]\" value=\"Ja, ich m\u00f6chte Mitglied im B\u00fcrgerverein &quot;Wir sind Merklinde e.V.&quot; werden.\" \/><span class=\"wpcf7-list-item-label\">Ja, ich m\u00f6chte Mitglied im B\u00fcrgerverein &quot;Wir sind Merklinde e.V.&quot; werden.<\/span><\/span><\/span><\/span>\n<\/p>\n<p><span class=\"wpcf7-form-control-wrap\" data-name=\"zustimmung\"><span class=\"wpcf7-form-control wpcf7-acceptance\"><span class=\"wpcf7-list-item\"><label><input type=\"checkbox\" name=\"zustimmung\" value=\"1\" aria-invalid=\"false\" \/><span class=\"wpcf7-list-item-label\">Ich habe die <a href=\"http:\/\/wir-sind-merklinde.de\/?page_id=759\">Datenschutzerkl\u00e4rung<\/a> zur Kenntnis genommen und akzeptiert.\n Ich stimme zu, dass meine Formularangaben zur Kontaktaufnahme bzw. zur Bearbeitung meines Anliegens gespeichert werden.<\/span><\/label><\/span><\/span><\/span>\n<\/p>\n<p><input class=\"wpcf7-form-control wpcf7-submit has-spinner\" type=\"submit\" value=\"Senden\" \/>\n<\/p><p style=\"display: none !important;\" class=\"akismet-fields-container\" data-prefix=\"_wpcf7_ak_\"><label>&#916;<textarea name=\"_wpcf7_ak_hp_textarea\" cols=\"45\" rows=\"8\" maxlength=\"100\"><\/textarea><\/label><input type=\"hidden\" id=\"ak_js_1\" name=\"_wpcf7_ak_js\" value=\"184\"\/><script>document.getElementById( \"ak_js_1\" ).setAttribute( \"value\", ( new Date() ).getTime() );<\/script><\/p><div class=\"wpcf7-response-output\" aria-hidden=\"true\"><\/div>\n<\/form>\n<\/div>\n\n","protected":false},"excerpt":{"rendered":"<p>Werde Mitglied beim B\u00fcrgerverein Merklinde. Unterst\u00fctze uns aktiv, damit wir unseren Stadtteil Merklinde attraktiver gestalten k\u00f6nnen. Jeder soll sich eine Mitgliedschaft leisten k\u00f6nnen, daher wurden bei der Gr\u00fcndungsversammlung folgende j\u00e4hrliche &hellip; <\/p>\n<p class=\"link-more\"><a href=\"https:\/\/wir-sind-merklinde.de\/?page_id=43\" class=\"more-link\"><span class=\"screen-reader-text\">\u201eMitglied werden\u201c <\/span>weiterlesen<\/a><\/p>\n","protected":false},"author":2,"featured_media":0,"parent":0,"menu_order":3,"comment_status":"closed","ping_status":"closed","template":"","meta":{"footnotes":""},"class_list":["post-43","page","type-page","status-publish","hentry"],"jetpack_sharing_enabled":true,"_links":{"self":[{"href":"https:\/\/wir-sind-merklinde.de\/index.php?rest_route=\/wp\/v2\/pages\/43","targetHints":{"allow":["GET"]}}],"collection":[{"href":"https:\/\/wir-sind-merklinde.de\/index.php?rest_route=\/wp\/v2\/pages"}],"about":[{"href":"https:\/\/wir-sind-merklinde.de\/index.php?rest_route=\/wp\/v2\/types\/page"}],"author":[{"embeddable":true,"href":"https:\/\/wir-sind-merklinde.de\/index.php?rest_route=\/wp\/v2\/users\/2"}],"replies":[{"embeddable":true,"href":"https:\/\/wir-sind-merklinde.de\/index.php?rest_route=%2Fwp%2Fv2%2Fcomments&post=43"}],"version-history":[{"count":5,"href":"https:\/\/wir-sind-merklinde.de\/index.php?rest_route=\/wp\/v2\/pages\/43\/revisions"}],"predecessor-version":[{"id":140,"href":"https:\/\/wir-sind-merklinde.de\/index.php?rest_route=\/wp\/v2\/pages\/43\/revisions\/140"}],"wp:attachment":[{"href":"https:\/\/wir-sind-merklinde.de\/index.php?rest_route=%2Fwp%2Fv2%2Fmedia&parent=43"}],"curies":[{"name":"wp","href":"https:\/\/api.w.org\/{rel}","templated":true}]}}