{"id":399,"date":"2017-04-27T10:55:26","date_gmt":"2017-04-27T08:55:26","guid":{"rendered":"http:\/\/wir-sind-merklinde.de\/?page_id=399"},"modified":"2017-04-27T11:04:54","modified_gmt":"2017-04-27T09:04:54","slug":"radelnd-ins-gespraech-kommen","status":"publish","type":"page","link":"https:\/\/wir-sind-merklinde.de\/?page_id=399","title":{"rendered":"Radelnd ins Gespr\u00e4ch kommen"},"content":{"rendered":"<h5><strong>20.04.2017<\/strong><\/h5>\n<h4>Jetzt noch f\u00fcr die Radtour der B\u00fcrgervereine anmelden!<\/h4>\n<p>Es gibt nur noch Restpl\u00e4tze f\u00fcr die f\u00fcr Samstag 13. Mai, geplante Radtour der B\u00fcrgervereine. Anmeldungen dazu sind beim Verein &#8222;Mein Ickern&#8220; noch m\u00f6glich. \u00a0Die Teilnahme ist Kostenlos. Falls jemand mitfahren m\u00f6chte der kein eigenes Fahrrad besitzt, organisieren die Vereine Leihfahrr\u00e4der.<\/p>\n<p><strong>Kontakt:<\/strong><br \/>\nMein Ickern e.V., Marc Frese, Tel: 0173-5 75 70 55 oder per E-Mail an vorstand@mein-ickern.de<\/p>\n","protected":false},"excerpt":{"rendered":"<p>20.04.2017 Jetzt noch f\u00fcr die Radtour der B\u00fcrgervereine anmelden! Es gibt nur noch Restpl\u00e4tze f\u00fcr die f\u00fcr Samstag 13. Mai, geplante Radtour der B\u00fcrgervereine. Anmeldungen dazu sind beim Verein &#8222;Mein &hellip; <\/p>\n<p class=\"link-more\"><a href=\"https:\/\/wir-sind-merklinde.de\/?page_id=399\" class=\"more-link\"><span class=\"screen-reader-text\">\u201eRadelnd ins Gespr\u00e4ch kommen\u201c <\/span>weiterlesen<\/a><\/p>\n","protected":false},"author":1,"featured_media":0,"parent":67,"menu_order":0,"comment_status":"closed","ping_status":"closed","template":"","meta":{"footnotes":""},"class_list":["post-399","page","type-page","status-publish","hentry"],"jetpack_sharing_enabled":true,"_links":{"self":[{"href":"https:\/\/wir-sind-merklinde.de\/index.php?rest_route=\/wp\/v2\/pages\/399","targetHints":{"allow":["GET"]}}],"collection":[{"href":"https:\/\/wir-sind-merklinde.de\/index.php?rest_route=\/wp\/v2\/pages"}],"about":[{"href":"https:\/\/wir-sind-merklinde.de\/index.php?rest_route=\/wp\/v2\/types\/page"}],"author":[{"embeddable":true,"href":"https:\/\/wir-sind-merklinde.de\/index.php?rest_route=\/wp\/v2\/users\/1"}],"replies":[{"embeddable":true,"href":"https:\/\/wir-sind-merklinde.de\/index.php?rest_route=%2Fwp%2Fv2%2Fcomments&post=399"}],"version-history":[{"count":3,"href":"https:\/\/wir-sind-merklinde.de\/index.php?rest_route=\/wp\/v2\/pages\/399\/revisions"}],"predecessor-version":[{"id":404,"href":"https:\/\/wir-sind-merklinde.de\/index.php?rest_route=\/wp\/v2\/pages\/399\/revisions\/404"}],"up":[{"embeddable":true,"href":"https:\/\/wir-sind-merklinde.de\/index.php?rest_route=\/wp\/v2\/pages\/67"}],"wp:attachment":[{"href":"https:\/\/wir-sind-merklinde.de\/index.php?rest_route=%2Fwp%2Fv2%2Fmedia&parent=399"}],"curies":[{"name":"wp","href":"https:\/\/api.w.org\/{rel}","templated":true}]}}