{"id":353,"date":"2017-04-27T10:36:53","date_gmt":"2017-04-27T08:36:53","guid":{"rendered":"http:\/\/wir-sind-merklinde.de\/?page_id=353"},"modified":"2017-04-27T10:42:54","modified_gmt":"2017-04-27T08:42:54","slug":"wir-sind-merklinde-e-v-als-verein-anerkannt","status":"publish","type":"page","link":"https:\/\/wir-sind-merklinde.de\/?page_id=353","title":{"rendered":"Wir sind Merklinde e.V. als Verein anerkannt"},"content":{"rendered":"<h5>25.04.2017<\/h5>\n<p><strong>Es ist vollbracht! <\/strong><\/p>\n<p>Mit dem Schreiben des Finanzamtes Recklinghausen vom 01.03.2017 haben wir die Voraussetzungen f\u00fcr die K\u00f6rperschaft nach \u00a7 60a Abs.1 AO erf\u00fcllt. Mit der Eintragung in das Vereinsregister beim Amtsgericht Dortmund ist auch die letzte H\u00fcrde genommen und wir k\u00f6nnen offiziell als Verein aktiv werden.<\/p>\n","protected":false},"excerpt":{"rendered":"<p>25.04.2017 Es ist vollbracht! Mit dem Schreiben des Finanzamtes Recklinghausen vom 01.03.2017 haben wir die Voraussetzungen f\u00fcr die K\u00f6rperschaft nach \u00a7 60a Abs.1 AO erf\u00fcllt. Mit der Eintragung in das &hellip; <\/p>\n<p class=\"link-more\"><a href=\"https:\/\/wir-sind-merklinde.de\/?page_id=353\" class=\"more-link\"><span class=\"screen-reader-text\">\u201eWir sind Merklinde e.V. als Verein anerkannt\u201c <\/span>weiterlesen<\/a><\/p>\n","protected":false},"author":1,"featured_media":0,"parent":67,"menu_order":0,"comment_status":"closed","ping_status":"closed","template":"","meta":{"footnotes":""},"class_list":["post-353","page","type-page","status-publish","hentry"],"jetpack_sharing_enabled":true,"_links":{"self":[{"href":"https:\/\/wir-sind-merklinde.de\/index.php?rest_route=\/wp\/v2\/pages\/353","targetHints":{"allow":["GET"]}}],"collection":[{"href":"https:\/\/wir-sind-merklinde.de\/index.php?rest_route=\/wp\/v2\/pages"}],"about":[{"href":"https:\/\/wir-sind-merklinde.de\/index.php?rest_route=\/wp\/v2\/types\/page"}],"author":[{"embeddable":true,"href":"https:\/\/wir-sind-merklinde.de\/index.php?rest_route=\/wp\/v2\/users\/1"}],"replies":[{"embeddable":true,"href":"https:\/\/wir-sind-merklinde.de\/index.php?rest_route=%2Fwp%2Fv2%2Fcomments&post=353"}],"version-history":[{"count":3,"href":"https:\/\/wir-sind-merklinde.de\/index.php?rest_route=\/wp\/v2\/pages\/353\/revisions"}],"predecessor-version":[{"id":397,"href":"https:\/\/wir-sind-merklinde.de\/index.php?rest_route=\/wp\/v2\/pages\/353\/revisions\/397"}],"up":[{"embeddable":true,"href":"https:\/\/wir-sind-merklinde.de\/index.php?rest_route=\/wp\/v2\/pages\/67"}],"wp:attachment":[{"href":"https:\/\/wir-sind-merklinde.de\/index.php?rest_route=%2Fwp%2Fv2%2Fmedia&parent=353"}],"curies":[{"name":"wp","href":"https:\/\/api.w.org\/{rel}","templated":true}]}}