{"id":275,"date":"2017-01-25T15:43:02","date_gmt":"2017-01-25T14:43:02","guid":{"rendered":"http:\/\/wir-sind-merklinde.de\/?page_id=275"},"modified":"2018-10-10T20:20:09","modified_gmt":"2018-10-10T18:20:09","slug":"satzung-2","status":"publish","type":"page","link":"https:\/\/wir-sind-merklinde.de\/?page_id=275","title":{"rendered":"Satzung"},"content":{"rendered":"<h3><strong>Satzung &#8222;Wir sind Merklinde e.V.&#8220;<\/strong><\/h3>\n<table style=\"height: 858px;\" width=\"776\" rules=\"none\">\n<tbody>\n<tr>\n<td style=\"text-align: right;\">\u00a0<strong>\u00a71<\/strong><\/td>\n<td><strong>Name und Sitz<\/strong><\/td>\n<\/tr>\n<tr>\n<td style=\"text-align: right;\" valign=\"top\">(1)<\/td>\n<td>\u00a0Der Verein \u201eWir sind Merklinde e.V. \u201e ist ein Verein mit Sitz in Castrop-Rauxel.<\/td>\n<\/tr>\n<tr>\n<td style=\"text-align: right;\">\u00a0<strong>\u00a72<\/strong><\/td>\n<td><strong>Zweck des Vereins<\/strong><\/td>\n<\/tr>\n<tr>\n<td style=\"text-align: right;\" valign=\"top\">(1)<\/td>\n<td>\u00a0Der Verein verfolgt ausschlie\u00dflich und unmittelbar gemeinn\u00fctzige Zwecke im Sinne des Abschnittes \u201eSteuerbeg\u00fcnstigte Zwecke\u201c der Abgabenordung. Der Verein unterst\u00fctzt<\/td>\n<\/tr>\n<tr>\n<td><\/td>\n<td style=\"padding-left: 30px;\">a) die F\u00f6rderung von Kunst und Kultur<br \/>\nb) die F\u00f6rderung der Kinder-, Jugend- und Altenhilfe<br \/>\nc) die F\u00f6rderung der internationalen Gesinnung, der Toleranz auf allen \u00a0Gebieten der Kultur und des V\u00f6lkerverst\u00e4ndigungsgedankens<br \/>\nd) die F\u00f6rderung b\u00fcrgerlichen Engagements<\/td>\n<\/tr>\n<tr>\n<td style=\"text-align: right;\">(2)<\/td>\n<td>\u00a0Der Satzungszweck wird erf\u00fcllt durch:<\/td>\n<\/tr>\n<tr>\n<td><\/td>\n<td>1. die Durchf\u00fchrung von Kunst- und Kulturveranstaltungen, offenen Mitmach- und Begegnungsaktionen im Stadtteil;<br \/>\n2. Generations\u00fcbergreifende Begegnungen und Veranstaltungen, z.B. Patenschaftsprojekte und Erfahrungsaustausch zwischen Jung und Alt, interkulturelle Begegnungen mit Fl\u00fcchtlingen und Zuwanderern;<br \/>\n3. Veranstaltung zum Ausbau und St\u00e4rkung des Ehrenamts, z.B. Ehrenamtsb\u00f6rsen, \u201eEin Tag f\u00fcr Merklinde\u201c \u2013 Aufruf zum ehrenamtlichen Engagement f\u00fcr Spielpl\u00e4tze, Parks, Denkm\u00e4lern;<br \/>\n4. Interkulturelle und interreligi\u00f6se Begegnungen, multikulturelle Weihnachtsaktionen.<\/td>\n<\/tr>\n<tr>\n<td style=\"text-align: right;\" valign=\"top\">(3)<\/td>\n<td>1. Der Verein ist parteipolitisch neutral und kennt keine Unterschiede rassischer, nationaler, geschlechtlicher, religi\u00f6ser, konfessioneller und beruflicher Art.2. Der Verein ist selbstlos t\u00e4tig und verfolgt nicht in erster Linie eigenwirtschaftliche Zwecke.<\/p>\n<p>3. Mittel des Vereins d\u00fcrfen nur f\u00fcr die satzungsgem\u00e4\u00dfen Zwecke verwendet werden.\u00a0Die Mitglieder erhalten keine Zuwendungen aus Mitteln des Vereins.<\/p>\n<p>4. Es darf keine Person durch Ausgaben, die dem Zweck des Vereins fremd sind, oder durch \u00a0 unverh\u00e4ltnism\u00e4\u00dfig hohe Verg\u00fctungen beg\u00fcnstigt werden.<\/td>\n<\/tr>\n<tr>\n<td style=\"text-align: right;\"><strong>\u00a73<\/strong><\/td>\n<td><strong>Mitgliedschaft<\/strong><\/td>\n<\/tr>\n<tr>\n<td style=\"text-align: right;\" valign=\"top\">(1)<\/td>\n<td>Mitglieder des Vereins k\u00f6nnen nat\u00fcrliche Personen, Gesellschaften, K\u00f6rperschaften und Anstalten des \u00f6ffentlichen Rechts und jeder Verein werden.<\/td>\n<\/tr>\n<tr>\n<td style=\"text-align: right;\" valign=\"top\">\u00a0(2)<\/td>\n<td>\u00a0Der Antrag auf Mitgliedschaft muss schriftlich eingereicht werden. \u00dcber die Aufnahme entscheidet der Vorstand. Gegen eine ablehnende Entscheidung kann innerhalb eines Monats Berufung beim Vorstand eingelegt werden. \u00dcber die Berufung entscheidet die n\u00e4chste ordentliche Mitgliederversammlung.<\/td>\n<\/tr>\n<tr>\n<td style=\"text-align: right;\" valign=\"top\">\u00a0(3)<\/td>\n<td>Die Mitgliedschaft endet durch Tod, durch schriftliche Erkl\u00e4rung des Austritts gegen\u00fcber dem Vorstand oder durch Ausschluss.<\/td>\n<\/tr>\n<tr>\n<td style=\"text-align: right;\" valign=\"top\">\u00a0(4)<\/td>\n<td>\u00a0Der Austritt erfolgt durch schriftliche Erkl\u00e4rung gegen\u00fcber dem Vorstand. Er ist nur zum Schluss eines Kalenderjahres unter Einhaltung einer K\u00fcndigungsfrist von drei Monaten zul\u00e4ssig.<\/td>\n<\/tr>\n<tr>\n<td style=\"text-align: right;\" valign=\"top\">\u00a0(5)<\/td>\n<td>\u00a0Ein Mitglied kann durch Beschluss des Vorstands ausgeschlossen werden, wenn es trotz zweimaliger Mahnung mit der Zahlung des Beitrags im R\u00fcckstand ist. Der Ausschluss kann erst erfolgen, nachdem seit der Absendung des zweiten Mahnschreibens drei Monate verstrichen sind. Der Ausschluss ist dem Mitglied schriftlich mitzuteilen.<\/td>\n<\/tr>\n<tr>\n<td style=\"text-align: right;\" valign=\"top\">\u00a0(6)<\/td>\n<td>\u00a0Ein Mitglied kann, wenn es gegen die Interessen des Vereins gr\u00f6blich versto\u00dfen hat, ausgeschlossen werden. Der Ausschluss bedarf eines Beschlusses der Mitgliederversammlung, der nur auf Antrag des Vorstandes zustande kommen kann und einer Mehrheit von zwei Dritteln der anwesenden Mitglieder bedarf.<\/td>\n<\/tr>\n<tr>\n<td style=\"text-align: right;\" valign=\"top\">\u00a0(7)<\/td>\n<td>\u00a0Besonders verdiente Mitglieder k\u00f6nnen durch Beschluss der Mitgliederversammlung zu Ehrenmitgliedern ernannt werden.<\/td>\n<\/tr>\n<tr>\n<td style=\"text-align: right;\" valign=\"top\">\u00a0(8)<\/td>\n<td>\u00a0Von den Mitgliedern werden Beitr\u00e4ge erhoben. Die H\u00f6he und die F\u00e4lligkeit des Jahresbeitrages werden von der Mitgliederversammlung beschlossen.<\/td>\n<\/tr>\n<tr>\n<td style=\"text-align: right;\" valign=\"top\">\u00a0<strong>\u00a74<\/strong><\/td>\n<td><strong>\u00a0Finanzierung und Beitragsordnung<\/strong><\/td>\n<\/tr>\n<tr>\n<td style=\"text-align: right;\" valign=\"top\">\u00a0(1)<\/td>\n<td>\u00a0Der Verein finanziert sich aus Mitgliedsbeitr\u00e4gen, Spenden und F\u00f6rdermitteln.<\/td>\n<\/tr>\n<tr>\n<td style=\"text-align: right;\" valign=\"top\">\u00a0(2)<\/td>\n<td>\u00a0Die Beitragszahlung wird durch die Beitragsordnung geregelt, die von der Mitgliederversammlung mit einfacher Mehrheit der anwesenden Mitglieder beschlossen oder ge\u00e4ndert wird.<\/td>\n<\/tr>\n<tr>\n<td style=\"text-align: right;\" valign=\"top\">(3)<\/td>\n<td>In der Beitragsordnung ist die H\u00f6he der Mitgliedsbeitr\u00e4ge festgelegt, wobei f\u00fcr einzelne Gruppen von Mitgliedern verschieden hohe Beitr\u00e4ge festgesetzt werden k\u00f6nnen.<\/td>\n<\/tr>\n<tr>\n<td style=\"text-align: right;\" valign=\"top\">\u00a0(4)<\/td>\n<td>Die Beitragsordnung ist nicht Bestandteil der Satzung.<\/td>\n<\/tr>\n<tr>\n<td style=\"text-align: right;\" valign=\"top\">\u00a0(5)<\/td>\n<td>\u00a0Die Mitglieder haben kein Anspruch auf das Vereinsverm\u00f6gen oder die gezahlten Mitgliedsbeitr\u00e4ge. Dies gilt ebenso bei Ausscheiden aus dem Verein oder dessen Aufl\u00f6sung.<\/td>\n<\/tr>\n<tr>\n<td style=\"text-align: right;\" valign=\"top\"><strong>\u00a75<\/strong><\/td>\n<td>\u00a0<strong>Organe des Vereins<\/strong><\/p>\n<p>Organe des Vereins sind die Mitgliederversammlung und der Vorstand.<\/td>\n<\/tr>\n<tr>\n<td style=\"text-align: right;\"><strong>\u00a0\u00a76<\/strong><\/td>\n<td><strong>Vorstand<\/strong><\/td>\n<\/tr>\n<tr>\n<td style=\"text-align: right;\" valign=\"top\">(1)<\/td>\n<td>\u00a0Der Vorstand des Vereins besteht aus<\/p>\n<p style=\"padding-left: 30px;\">1. der\/dem Vorsitzenden<br \/>\n2. der\/dem stellvertretenden Vorsitzenden<br \/>\n3. der\/dem Schatzmeister\/in<br \/>\n5. der\/dem stellvertretenden Schatzmeister\/in<br \/>\n4. der\/dem Schriftf\u00fchrer\/in<\/p>\n<p style=\"padding-left: 30px;\">und bis zu 9 weiteren Mitgliedern.<\/p>\n<p>Vorstand im Sinne des \u00a726 BGB sind der\/die Vorsitzende, der\/die stellvertretende Vorsitzende und der\/die Schatzmeister\/in.<\/td>\n<\/tr>\n<tr>\n<td style=\"text-align: right;\" valign=\"top\">(2)<\/td>\n<td>\u00a0Der jeweils amtierende B\u00fcrgermeister der Stadt Castrop-Rauxel ist st\u00e4ndiges, beratendes Mitglied des Vorstands des Vereins.<\/td>\n<\/tr>\n<tr>\n<td style=\"text-align: right;\" valign=\"top\">\u00a0(3)<\/td>\n<td>\u00a0Der Verein wird gerichtlich und au\u00dfergerichtlich durch zwei Vorstandsmitglieder vertreten, darunter der\/die Vorsitzende oder der\/die stellvertretende Vorsitzende.<\/td>\n<\/tr>\n<tr>\n<td style=\"text-align: right;\" valign=\"top\">\u00a0(4)<\/td>\n<td>Dem Vorstand obliegt die F\u00fchrung der laufenden Gesch\u00e4fte des Vereins, insbesondere die Ausf\u00fchrung der Beschl\u00fcsse der Mitgliederversammlung.<\/td>\n<\/tr>\n<tr>\n<td style=\"text-align: right;\" valign=\"top\">\u00a0(5)<\/td>\n<td>Der Vorstand \u00fcbt seine T\u00e4tigkeit ehrenamtlich aus.<\/td>\n<\/tr>\n<tr>\n<td style=\"text-align: right;\" valign=\"top\">\u00a0(6)<\/td>\n<td>Vorstandssitzungen finden mindestens zweimal j\u00e4hrlich statt. Die Einladungen zur Vorstandssitzung erfolgen durch den\/die Vorsitzende oder den\/die stellvertretende Vorsitzende schriftlich unter Einhaltung einer Einladungsfrist von mindestens zwei Wochen. Die Vorstandssitzung leitet der\/die Vorsitzende oder \u2013 bei deren\/dessen Verhinderung \u2013\u00a0 der\/die stellvertretende Vorsitzende.<\/td>\n<\/tr>\n<tr>\n<td style=\"text-align: right;\" valign=\"top\">(7)<\/td>\n<td>Der Vorstand ist beschlussf\u00e4hig, wenn mindestens die H\u00e4lfte der Vorstandsmitglieder anwesend ist. Jedes Vorstandsmitglied hat eine Stimme. Der Vorstand fasst seine Beschl\u00fcsse mit einfacher Mehrheit. \u00dcber die Beschl\u00fcsse des Vorstands wird ein Protokoll gefertigt und durch den\/die Vorsitzende oder \u2013 bei deren\/dessen Verhinderung \u2013 durch den\/die stellvertretende\/n Vorsitzende\/n unterzeichnet.<\/td>\n<\/tr>\n<tr>\n<td style=\"text-align: right;\" valign=\"top\">(8)<\/td>\n<td>Beschl\u00fcsse des Vorstands k\u00f6nnen bei Eilbed\u00fcrftigkeit auch schriftlich oder fernm\u00fcndlich gefasst werden, wenn alle Vorstandsmitglieder ihre Zustimmung zu dem Verfahren schriftlich oder fernm\u00fcndlich erkl\u00e4ren. Schriftlich oder fernm\u00fcndlich gefasste Vorstandsbeschl\u00fcsse sind schriftlich niederzulegen und von mindestens einem Vorstandsmitglied zu unterzeichnen.<\/td>\n<\/tr>\n<tr>\n<td style=\"text-align: right;\" valign=\"top\">(9)<\/td>\n<td>Der Vorstand wird von der Mitgliederversammlung auf die Dauer von zwei Jahren, vom Tage der Wahl an, gerechnet, gew\u00e4hlt; er bleibt jedoch bis zur Neuwahl des Vorstands im Amt. W\u00e4hlbar sind nur Vereinsmitglieder.<\/td>\n<\/tr>\n<tr>\n<td style=\"text-align: right;\" valign=\"top\">\u00a0(10)<\/td>\n<td>Scheidet ein Mitglied des Vorstands w\u00e4hrend der Amtsperiode aus, so kann die Mitgliederversammlung einen Nachfolger f\u00fcr die restliche Amtsdauer des Ausgeschiedenen w\u00e4hlen.<\/td>\n<\/tr>\n<tr>\n<td style=\"text-align: right;\">\u00a0<strong>\u00a77<\/strong><\/td>\n<td><strong>\u00a0Mitgliederversammlung<\/strong><\/td>\n<\/tr>\n<tr>\n<td style=\"text-align: right;\" valign=\"top\">\u00a0(1)<\/td>\n<td>Die Mitgliederversammlung ist mindestens einmal j\u00e4hrlich einzuberufen.<\/td>\n<\/tr>\n<tr>\n<td style=\"text-align: right;\" valign=\"top\">\u00a0(2)<\/td>\n<td>Eine au\u00dferordentliche Mitgliederversammlung ist einzuberufen, wenn es das Vereinsinteresse erfordert oder wenn die Einberufung von 20% der Vereinsmitglieder unter Angabe des Zweckes und der Gr\u00fcnde verlangt wird.<\/td>\n<\/tr>\n<tr>\n<td style=\"text-align: right;\" valign=\"top\">\u00a0(3)<\/td>\n<td>Die Einberufung der Mitgliederversammlung erfolgt schriftlich durch den\/die Vorsitzende\/n, bei dessen\/deren Verhinderung durch den\/die stellvertretende\/n Vorsitzende\/n unter Wahrung der Einladungsfrist von mindestens zwei Wochen bei gleichzeitiger Bekanntgabe der Tagesordnung.<\/td>\n<\/tr>\n<tr>\n<td style=\"text-align: right;\" valign=\"top\">\u00a0(4)<\/td>\n<td>\u00a0Die Mitgliederversammlung ist ausschlie\u00dflich nur f\u00fcr folgende Angelegenheiten zust\u00e4ndig:<\/p>\n<p style=\"padding-left: 30px;\">1. die Entgegennahme des Gesch\u00e4ftsberichtes des Vorstands<br \/>\n2. die Entlastung des Vorstands<br \/>\n3. die Festsetzung des Mitgliedsbeitrags \/ der Beitragsordnung<br \/>\n4. die Wahl und die Abberufung der Mitglieder des Vorstands<br \/>\n5. die Wahl des Kassenpr\u00fcfers und die Entgegennahme des Kassenberichts<br \/>\n6. Beschl\u00fcsse zur \u00c4nderung der Satzung.<\/p>\n<\/td>\n<\/tr>\n<tr>\n<td style=\"text-align: right;\" valign=\"top\">\u00a0(5)<\/td>\n<td>Die Mitgliederversammlung wird durch den\/die Vorsitzende\/n, bei dessen\/deren Verhinderung durch den\/die stellvertretende\/n Vorsitzende\/n geleitet.<\/td>\n<\/tr>\n<tr>\n<td style=\"text-align: right;\" valign=\"top\">\u00a0(6)<\/td>\n<td>Jede ordnungsgem\u00e4\u00df einberufene Mitgliederversammlung ist beschlussf\u00e4hig.<\/td>\n<\/tr>\n<tr>\n<td style=\"text-align: right;\" valign=\"top\">\u00a0(7)<\/td>\n<td>Jedes Mitglied hat eine Stimme. Die Mitgliederversammlung fasst ihre Beschl\u00fcsse mit einfacher Mehrheit. Stimmenthaltungen werden nicht mitgez\u00e4hlt. \u00dcber jede Position des Vorstandes wird in getrennten Wahlg\u00e4ngen abgestimmt; gew\u00e4hlt ist, wer die meisten Stimmen bekommt.<\/td>\n<\/tr>\n<tr>\n<td style=\"text-align: right;\" valign=\"top\">\u00a0(8)<\/td>\n<td>Bei Stimmengleichheit gilt ein Antrag als abgelehnt.<\/td>\n<\/tr>\n<tr>\n<td style=\"text-align: right;\" valign=\"top\">\u00a0<strong>\u00a78<\/strong><\/td>\n<td><strong>\u00a0Kassenpr\u00fcfung<\/strong><\/p>\n<p>Die Mitgliederversammlung w\u00e4hlt zwei Kassenpr\u00fcfer. Ihre Amtszeit betr\u00e4gt, analog zur Amtszeit des Vorstands, zwei Jahre. Die Kassenpr\u00fcfer \u00fcberpr\u00fcfen die Kassen und Gesch\u00e4fte des Vereins mindestens einmal im Jahr. \u00dcber das Ergebnis ist auf der jeweils n\u00e4chsten Mitgliederversammlung zu berichten. Jeder Kassenpr\u00fcfer darf f\u00fcr maximal zwei Amtszeiten gew\u00e4hlt werden.<\/td>\n<\/tr>\n<tr>\n<td style=\"text-align: right;\" valign=\"top\">\u00a0<strong>\u00a79<\/strong><\/td>\n<td><strong>\u00a0Satzungs\u00e4nderungen<\/strong><\/p>\n<p>F\u00fcr Satzungs\u00e4nderungen ist eine \u00be-Mehrheit der erschienenen Mitglieder erforderlich. \u00dcber Satzungs\u00e4nderungen kann in der Mitgliederversammlung nur abgestimmt werden, wenn auf diesen Tagesordnungspunkt bereits in der Einladung zur Mitgliederversammlung hingewiesen wurde und der Einladung sowohl der bisherige als auch der vorgesehene neue Satzungstext beigef\u00fcgt worden war.<\/td>\n<\/tr>\n<tr>\n<td style=\"text-align: right;\" valign=\"top\">\u00a0<strong>\u00a710<\/strong><\/td>\n<td><strong>Protokollierung von Beschl\u00fcssen<\/strong><\/p>\n<p>Die in Vorstandssitzungen und in Mitgliederversammlungen gefassten Beschl\u00fcsse sind schriftlich niederzulegen und von dem\/der jeweiligen Versammlungsleiter\/in und dem\/der Protokollf\u00fchrer\/in zu unterzeichnen.<\/td>\n<\/tr>\n<tr>\n<td style=\"text-align: right;\">\u00a0<strong>\u00a711<\/strong><\/td>\n<td><strong>\u00a0Aufl\u00f6sung des Vereins und Verm\u00f6gensbindung<\/strong><\/td>\n<\/tr>\n<tr>\n<td style=\"text-align: right;\" valign=\"top\">\u00a0(1)<\/td>\n<td>F\u00fcr den Beschluss, den Verein aufzul\u00f6sen, ist eine \u00be-Mehrheit der in der Mitgliederversammlung anwesenden Mitglieder erforderlich. Der Beschluss kann nur nach rechtzeitiger Ank\u00fcndigung in der Einladung zur Mitgliederversammlung gefasst werden.<\/td>\n<\/tr>\n<tr>\n<td style=\"text-align: right;\" valign=\"top\">\u00a0(2)<\/td>\n<td>Bei Aufl\u00f6sung oder Aufhebung des Vereins oder bei Wegfall seines bisherigen Zwecks f\u00e4llt das Verm\u00f6gen des Vereins zu gleichen Teilen an die Jungendabteilung des SuS Merklinde 1946 e.V., sowie der Jugend der Freiwilligen Feuerwehr Merklinde, die es unmittelbar und ausschlie\u00dflich f\u00fcr gemeinn\u00fctzige Zwecke zu verwenden hat. Liquidatoren sind die jeweiligen vertretungsberechtigten Vorstandsmitglieder.<\/td>\n<\/tr>\n<\/tbody>\n<\/table>\n<p>Diese Satzung wurde durch die Gr\u00fcndungsversammlung am 20.01.2017 beschlossen.<\/p>\n<p><strong>PDF-Version<\/strong><br \/>\n<a href=\"https:\/\/wir-sind-merklinde.de\/wp-content\/uploads\/2016\/12\/Satzung-B\u00fcrgerverein-Merklinde.pdf\" target=\"_blank\" rel=\"noopener\">Satzung &#8222;Wir sind Merklinde e.V.&#8220;<\/a><\/p>\n","protected":false},"excerpt":{"rendered":"<p>Satzung &#8222;Wir sind Merklinde e.V.&#8220; \u00a0\u00a71 Name und Sitz (1) \u00a0Der Verein \u201eWir sind Merklinde e.V. \u201e ist ein Verein mit Sitz in Castrop-Rauxel. \u00a0\u00a72 Zweck des Vereins (1) \u00a0Der &hellip; <\/p>\n<p class=\"link-more\"><a href=\"https:\/\/wir-sind-merklinde.de\/?page_id=275\" class=\"more-link\"><span class=\"screen-reader-text\">\u201eSatzung\u201c <\/span>weiterlesen<\/a><\/p>\n","protected":false},"author":1,"featured_media":0,"parent":39,"menu_order":0,"comment_status":"closed","ping_status":"closed","template":"","meta":{"footnotes":""},"class_list":["post-275","page","type-page","status-publish","hentry"],"jetpack_sharing_enabled":true,"_links":{"self":[{"href":"https:\/\/wir-sind-merklinde.de\/index.php?rest_route=\/wp\/v2\/pages\/275","targetHints":{"allow":["GET"]}}],"collection":[{"href":"https:\/\/wir-sind-merklinde.de\/index.php?rest_route=\/wp\/v2\/pages"}],"about":[{"href":"https:\/\/wir-sind-merklinde.de\/index.php?rest_route=\/wp\/v2\/types\/page"}],"author":[{"embeddable":true,"href":"https:\/\/wir-sind-merklinde.de\/index.php?rest_route=\/wp\/v2\/users\/1"}],"replies":[{"embeddable":true,"href":"https:\/\/wir-sind-merklinde.de\/index.php?rest_route=%2Fwp%2Fv2%2Fcomments&post=275"}],"version-history":[{"count":36,"href":"https:\/\/wir-sind-merklinde.de\/index.php?rest_route=\/wp\/v2\/pages\/275\/revisions"}],"predecessor-version":[{"id":799,"href":"https:\/\/wir-sind-merklinde.de\/index.php?rest_route=\/wp\/v2\/pages\/275\/revisions\/799"}],"up":[{"embeddable":true,"href":"https:\/\/wir-sind-merklinde.de\/index.php?rest_route=\/wp\/v2\/pages\/39"}],"wp:attachment":[{"href":"https:\/\/wir-sind-merklinde.de\/index.php?rest_route=%2Fwp%2Fv2%2Fmedia&parent=275"}],"curies":[{"name":"wp","href":"https:\/\/api.w.org\/{rel}","templated":true}]}}