{"id":240,"date":"2017-01-23T13:39:13","date_gmt":"2017-01-23T12:39:13","guid":{"rendered":"http:\/\/wir-sind-merklinde.de\/?page_id=240"},"modified":"2017-05-30T14:46:56","modified_gmt":"2017-05-30T12:46:56","slug":"merklinde-bietet","status":"publish","type":"page","link":"https:\/\/wir-sind-merklinde.de\/?page_id=240","title":{"rendered":"Merklinde bietet"},"content":{"rendered":"<p>In Merklinde gibt es einige Vereine und soziale Einrichtungen.<\/p>\n<p>Von Billard, Bogenschie\u00dfen, Fu\u00dfball bis Modellbau ist bei den Vereinen alles dabei, sowie Kinderbetreuung und Treffpunkte.<\/p>\n<p>Hier erhalten Sie einen \u00fcberblick der <a href=\"https:\/\/wir-sind-merklinde.de\/?page_id=242\">Vereine<\/a> und <a href=\"https:\/\/wir-sind-merklinde.de\/?page_id=341\">Einrichtungen<\/a>.<\/p>\n","protected":false},"excerpt":{"rendered":"<p>In Merklinde gibt es einige Vereine und soziale Einrichtungen. Von Billard, Bogenschie\u00dfen, Fu\u00dfball bis Modellbau ist bei den Vereinen alles dabei, sowie Kinderbetreuung und Treffpunkte. Hier erhalten Sie einen \u00fcberblick &hellip; <\/p>\n<p class=\"link-more\"><a href=\"https:\/\/wir-sind-merklinde.de\/?page_id=240\" class=\"more-link\"><span class=\"screen-reader-text\">\u201eMerklinde bietet\u201c <\/span>weiterlesen<\/a><\/p>\n","protected":false},"author":1,"featured_media":0,"parent":0,"menu_order":0,"comment_status":"closed","ping_status":"closed","template":"","meta":{"footnotes":""},"class_list":["post-240","page","type-page","status-publish","hentry"],"jetpack_sharing_enabled":true,"_links":{"self":[{"href":"https:\/\/wir-sind-merklinde.de\/index.php?rest_route=\/wp\/v2\/pages\/240","targetHints":{"allow":["GET"]}}],"collection":[{"href":"https:\/\/wir-sind-merklinde.de\/index.php?rest_route=\/wp\/v2\/pages"}],"about":[{"href":"https:\/\/wir-sind-merklinde.de\/index.php?rest_route=\/wp\/v2\/types\/page"}],"author":[{"embeddable":true,"href":"https:\/\/wir-sind-merklinde.de\/index.php?rest_route=\/wp\/v2\/users\/1"}],"replies":[{"embeddable":true,"href":"https:\/\/wir-sind-merklinde.de\/index.php?rest_route=%2Fwp%2Fv2%2Fcomments&post=240"}],"version-history":[{"count":5,"href":"https:\/\/wir-sind-merklinde.de\/index.php?rest_route=\/wp\/v2\/pages\/240\/revisions"}],"predecessor-version":[{"id":435,"href":"https:\/\/wir-sind-merklinde.de\/index.php?rest_route=\/wp\/v2\/pages\/240\/revisions\/435"}],"wp:attachment":[{"href":"https:\/\/wir-sind-merklinde.de\/index.php?rest_route=%2Fwp%2Fv2%2Fmedia&parent=240"}],"curies":[{"name":"wp","href":"https:\/\/api.w.org\/{rel}","templated":true}]}}