{"id":235,"date":"2017-01-23T12:59:46","date_gmt":"2017-01-23T11:59:46","guid":{"rendered":"http:\/\/wir-sind-merklinde.de\/?page_id=235"},"modified":"2020-03-14T19:29:34","modified_gmt":"2020-03-14T18:29:34","slug":"ueber-den-verein","status":"publish","type":"page","link":"https:\/\/wir-sind-merklinde.de\/?page_id=235","title":{"rendered":"\u00dcber den Verein"},"content":{"rendered":"<p>&#8222;Wir sind Merklinde\u00a0e.V.&#8220; ist vom Finanzamt Recklinghausen als gemeinn\u00fctziger Verein, der sich f\u00fcr das Leben und Erleben vor Ort einsetzt anerkannt und als Verein ins Vereinsregister eingetragen. Er wurde am 20.\u00a0Januar 2017\u00a0gegr\u00fcndet und wird von mehr als 80 Mitglieder unterst\u00fctzt. Wir finanzieren uns ausschlie\u00dflich \u00fcber Spenden und Mitgliedsbeitr\u00e4ge und organisieren alle Aktivit\u00e4ten ehrenamtlich. Neben dem regelm\u00e4\u00dfigen Austausch, organisieren\u00a0wir zuk\u00fcnftig Veranstaltungen f\u00fcr die B\u00fcrger unseres Ortsteils.<\/p>\n<p>Da unserer Verein noch in den Startl\u00f6chern steht und noch viele organisatorischen Aufgaben vor uns liegen, freuen wir uns auf jede Hilfe und\u00a0Unterst\u00fctzung.<\/p>\n","protected":false},"excerpt":{"rendered":"<p>&#8222;Wir sind Merklinde\u00a0e.V.&#8220; ist vom Finanzamt Recklinghausen als gemeinn\u00fctziger Verein, der sich f\u00fcr das Leben und Erleben vor Ort einsetzt anerkannt und als Verein ins Vereinsregister eingetragen. Er wurde am &hellip; <\/p>\n<p class=\"link-more\"><a href=\"https:\/\/wir-sind-merklinde.de\/?page_id=235\" class=\"more-link\"><span class=\"screen-reader-text\">\u201e\u00dcber den Verein\u201c <\/span>weiterlesen<\/a><\/p>\n","protected":false},"author":1,"featured_media":0,"parent":39,"menu_order":0,"comment_status":"closed","ping_status":"closed","template":"","meta":{"footnotes":""},"class_list":["post-235","page","type-page","status-publish","hentry"],"jetpack_sharing_enabled":true,"_links":{"self":[{"href":"https:\/\/wir-sind-merklinde.de\/index.php?rest_route=\/wp\/v2\/pages\/235","targetHints":{"allow":["GET"]}}],"collection":[{"href":"https:\/\/wir-sind-merklinde.de\/index.php?rest_route=\/wp\/v2\/pages"}],"about":[{"href":"https:\/\/wir-sind-merklinde.de\/index.php?rest_route=\/wp\/v2\/types\/page"}],"author":[{"embeddable":true,"href":"https:\/\/wir-sind-merklinde.de\/index.php?rest_route=\/wp\/v2\/users\/1"}],"replies":[{"embeddable":true,"href":"https:\/\/wir-sind-merklinde.de\/index.php?rest_route=%2Fwp%2Fv2%2Fcomments&post=235"}],"version-history":[{"count":8,"href":"https:\/\/wir-sind-merklinde.de\/index.php?rest_route=\/wp\/v2\/pages\/235\/revisions"}],"predecessor-version":[{"id":957,"href":"https:\/\/wir-sind-merklinde.de\/index.php?rest_route=\/wp\/v2\/pages\/235\/revisions\/957"}],"up":[{"embeddable":true,"href":"https:\/\/wir-sind-merklinde.de\/index.php?rest_route=\/wp\/v2\/pages\/39"}],"wp:attachment":[{"href":"https:\/\/wir-sind-merklinde.de\/index.php?rest_route=%2Fwp%2Fv2%2Fmedia&parent=235"}],"curies":[{"name":"wp","href":"https:\/\/api.w.org\/{rel}","templated":true}]}}